{"id":11611,"date":"2020-11-17T15:24:48","date_gmt":"2020-11-17T13:24:48","guid":{"rendered":"https:\/\/bazze.lt\/?page_id=11611"},"modified":"2023-07-21T12:38:20","modified_gmt":"2023-07-21T09:38:20","slug":"apgyvendinimas","status":"publish","type":"page","link":"https:\/\/bazze.lt\/en\/","title":{"rendered":"Contactless accommodation"},"content":{"rendered":"\n\t\t\t<!-- START Hotel Dark REVOLUTION SLIDER 6.5.15 --><p class=\"rs-p-wp-fix\"><\/p>\n\t\t\t<rs-module-wrap id=\"rev_slider_3_1_wrapper\" data-source=\"gallery\" style=\"visibility:hidden;background:transparent;padding:0;margin:0px auto;margin-top:0;margin-bottom:0;\">\n\t\t\t\t<rs-module id=\"rev_slider_3_1\" style=\"\" data-version=\"6.5.15\">\n\t\t\t\t\t<rs-slides>\n\t\t\t\t\t\t<rs-slide style=\"position: absolute;\" data-key=\"rs-13\" data-title=\"Slide\" data-thumb=\"\/\/bazze.lt\/wp-content\/uploads\/2023\/04\/9-2-50x100.jpg\" data-in=\"o:0;\" data-out=\"a:false;\" data-p1=\"01\">\n\t\t\t\t\t\t\t<img src=\"\/\/bazze.lt\/wp-content\/plugins\/revslider\/public\/assets\/assets\/dummy.png\" alt=\"\" title=\"9-2\" width=\"2048\" height=\"1365\" class=\"rev-slidebg tp-rs-img rs-lazyload\" data-lazyload=\"\/\/bazze.lt\/wp-content\/uploads\/2023\/04\/9-2.jpg\" data-bg=\"p:left center;\" data-no-retina>\n<!--\n\t\t\t\t\t\t\t--><rs-layer\n\t\t\t\t\t\t\t\tid=\"slider-3-slide-13-layer-0\" \n\t\t\t\t\t\t\t\tdata-type=\"text\"\n\t\t\t\t\t\t\t\tdata-xy=\"x:r,r,r,c;xo:40px,40px,40px,0;y:b,b,b,m;yo:80px,80px,80px,134px;\"\n\t\t\t\t\t\t\t\tdata-text=\"s:58,58,58,23;l:70,70,70,25;a:right;\"\n\t\t\t\t\t\t\t\tdata-dim=\"w:auto,auto,auto,253px;\"\n\t\t\t\t\t\t\t\tdata-basealign=\"slide\"\n\t\t\t\t\t\t\t\tdata-rsp_o=\"off\"\n\t\t\t\t\t\t\t\tdata-rsp_bd=\"off\"\n\t\t\t\t\t\t\t\tdata-frame_0=\"y:50;\"\n\t\t\t\t\t\t\t\tdata-frame_1=\"y:-2px,-1px,-1px,-1px;e:power1.inOut;st:300;sp:900;\"\n\t\t\t\t\t\t\t\tdata-frame_999=\"y:50;o:0;e:power1.inOut;st:3200;sp:800;\"\n\t\t\t\t\t\t\t\tstyle=\"z-index:9;font-family:'Forum';\"\n\t\t\t\t\t\t\t>Best place to stay\n<br\/>\nfor workers \n\t\t\t\t\t\t\t<\/rs-layer><!--\n\n\t\t\t\t\t\t\t--><rs-layer\n\t\t\t\t\t\t\t\tid=\"slider-3-slide-13-layer-1\" \n\t\t\t\t\t\t\t\tdata-type=\"text\"\n\t\t\t\t\t\t\t\tdata-xy=\"x:r,r,r,c;xo:44px,44px,44px,0;y:b;yo:40px,40px,40px,32px;\"\n\t\t\t\t\t\t\t\tdata-text=\"w:normal;s:18;l:32,32,32,26;fw:300;a:left,left,left,center;\"\n\t\t\t\t\t\t\t\tdata-dim=\"w:auto,auto,auto,260px;\"\n\t\t\t\t\t\t\t\tdata-basealign=\"slide\"\n\t\t\t\t\t\t\t\tdata-rsp_o=\"off\"\n\t\t\t\t\t\t\t\tdata-rsp_bd=\"off\"\n\t\t\t\t\t\t\t\tdata-frame_0=\"y:50;\"\n\t\t\t\t\t\t\t\tdata-frame_1=\"e:power1.inOut;st:400;sp:900;\"\n\t\t\t\t\t\t\t\tdata-frame_999=\"y:50;o:0;e:power1.inOut;st:3100;sp:800;\"\n\t\t\t\t\t\t\t\tstyle=\"z-index:8;font-family:'Sarabun';\"\n\t\t\t\t\t\t\t> \n\t\t\t\t\t\t\t<\/rs-layer><!--\n-->\t\t\t\t\t\t<\/rs-slide>\n\t\t\t\t\t\t<rs-slide style=\"position: absolute;\" data-key=\"rs-14\" data-title=\"Slide\" data-thumb=\"\/\/bazze.lt\/wp-content\/uploads\/2023\/04\/337559854_1330762847851371_862194318669783465_n-50x100.jpg\" data-in=\"o:0;\" data-out=\"a:false;\" data-p1=\"02\">\n\t\t\t\t\t\t\t<img src=\"\/\/bazze.lt\/wp-content\/plugins\/revslider\/public\/assets\/assets\/dummy.png\" alt=\"\" title=\"337559854_1330762847851371_862194318669783465_n\" width=\"2048\" height=\"1365\" class=\"rev-slidebg tp-rs-img rs-lazyload\" data-lazyload=\"\/\/bazze.lt\/wp-content\/uploads\/2023\/04\/337559854_1330762847851371_862194318669783465_n.jpg\" data-bg=\"p:center top;\" data-no-retina>\n<!--\n\t\t\t\t\t\t\t--><rs-layer\n\t\t\t\t\t\t\t\tid=\"slider-3-slide-14-layer-0\" \n\t\t\t\t\t\t\t\tdata-type=\"text\"\n\t\t\t\t\t\t\t\tdata-xy=\"x:r,r,r,c;xo:40px,40px,40px,0;y:b,b,b,m;yo:80px,80px,80px,134px;\"\n\t\t\t\t\t\t\t\tdata-text=\"w:normal;s:58,58,58,23;l:70,70,70,25;a:left,left,left,right;\"\n\t\t\t\t\t\t\t\tdata-dim=\"w:auto,auto,auto,253px;\"\n\t\t\t\t\t\t\t\tdata-basealign=\"slide\"\n\t\t\t\t\t\t\t\tdata-rsp_o=\"off\"\n\t\t\t\t\t\t\t\tdata-rsp_bd=\"off\"\n\t\t\t\t\t\t\t\tdata-frame_0=\"y:50;\"\n\t\t\t\t\t\t\t\tdata-frame_1=\"x:-2px,0px,0px,0px;y:-1px;e:power1.inOut;st:300;sp:900;\"\n\t\t\t\t\t\t\t\tdata-frame_999=\"y:50;o:0;e:power1.inOut;st:3200;sp:800;\"\n\t\t\t\t\t\t\t\tstyle=\"z-index:9;font-family:'Forum';\"\n\t\t\t\t\t\t\t>In the center of Klaip\u0117da \n\t\t\t\t\t\t\t<\/rs-layer><!--\n\n\t\t\t\t\t\t\t--><rs-layer\n\t\t\t\t\t\t\t\tid=\"slider-3-slide-14-layer-1\" \n\t\t\t\t\t\t\t\tdata-type=\"text\"\n\t\t\t\t\t\t\t\tdata-xy=\"x:r,r,r,c;xo:40px,40px,40px,0;y:b;yo:40px,40px,40px,32px;\"\n\t\t\t\t\t\t\t\tdata-text=\"w:normal;s:18;l:32,32,32,26;fw:300;a:left,left,left,center;\"\n\t\t\t\t\t\t\t\tdata-dim=\"w:auto,auto,auto,260px;\"\n\t\t\t\t\t\t\t\tdata-basealign=\"slide\"\n\t\t\t\t\t\t\t\tdata-rsp_o=\"off\"\n\t\t\t\t\t\t\t\tdata-rsp_bd=\"off\"\n\t\t\t\t\t\t\t\tdata-frame_0=\"y:50;\"\n\t\t\t\t\t\t\t\tdata-frame_1=\"e:power1.inOut;st:400;sp:900;\"\n\t\t\t\t\t\t\t\tdata-frame_999=\"y:50;o:0;e:power1.inOut;st:3100;sp:800;\"\n\t\t\t\t\t\t\t\tstyle=\"z-index:8;font-family:'Sarabun';\"\n\t\t\t\t\t\t\t> \n\t\t\t\t\t\t\t<\/rs-layer><!--\n-->\t\t\t\t\t\t<\/rs-slide>\n\t\t\t\t\t\t<rs-slide style=\"position: absolute;\" data-key=\"rs-15\" data-title=\"Slide\" data-thumb=\"\/\/bazze.lt\/wp-content\/uploads\/2023\/04\/IMG_9629-HDR-50x100.jpg\" data-anim=\"ms:1000ms;\" data-in=\"o:0;\" data-out=\"a:false;\" data-p1=\"03\">\n\t\t\t\t\t\t\t<img src=\"\/\/bazze.lt\/wp-content\/plugins\/revslider\/public\/assets\/assets\/dummy.png\" alt=\"\" title=\"IMG_9629-HDR\" width=\"2048\" height=\"1365\" class=\"rev-slidebg tp-rs-img rs-lazyload\" data-lazyload=\"\/\/bazze.lt\/wp-content\/uploads\/2023\/04\/IMG_9629-HDR.jpg\" data-bg=\"p:right center;\" data-no-retina>\n<!--\n\t\t\t\t\t\t\t--><rs-layer\n\t\t\t\t\t\t\t\tid=\"slider-3-slide-15-layer-0\" \n\t\t\t\t\t\t\t\tdata-type=\"text\"\n\t\t\t\t\t\t\t\tdata-xy=\"x:r,r,r,c;xo:40px,40px,40px,0;y:b,b,b,m;yo:80px,80px,80px,134px;\"\n\t\t\t\t\t\t\t\tdata-text=\"w:normal;s:58,58,58,23;l:70,70,70,35;a:left,left,left,right;\"\n\t\t\t\t\t\t\t\tdata-dim=\"w:auto,auto,auto,253px;\"\n\t\t\t\t\t\t\t\tdata-basealign=\"slide\"\n\t\t\t\t\t\t\t\tdata-rsp_o=\"off\"\n\t\t\t\t\t\t\t\tdata-rsp_bd=\"off\"\n\t\t\t\t\t\t\t\tdata-frame_0=\"y:50;\"\n\t\t\t\t\t\t\t\tdata-frame_1=\"x:-2px,0px,0px,0px;y:-1px;e:power1.inOut;st:300;sp:900;\"\n\t\t\t\t\t\t\t\tdata-frame_999=\"y:50;o:0;e:power1.inOut;st:3200;sp:800;\"\n\t\t\t\t\t\t\t\tstyle=\"z-index:9;font-family:'Forum';\"\n\t\t\t\t\t\t\t><br \/>\nExcellent value for money \n\t\t\t\t\t\t\t<\/rs-layer><!--\n\n\t\t\t\t\t\t\t--><rs-layer\n\t\t\t\t\t\t\t\tid=\"slider-3-slide-15-layer-1\" \n\t\t\t\t\t\t\t\tdata-type=\"text\"\n\t\t\t\t\t\t\t\tdata-xy=\"x:r,r,r,c;xo:40px,40px,40px,0;y:b;yo:40px,40px,40px,32px;\"\n\t\t\t\t\t\t\t\tdata-text=\"w:normal;s:18;l:32,32,32,26;fw:300;a:left,left,left,center;\"\n\t\t\t\t\t\t\t\tdata-dim=\"w:auto,auto,auto,260px;\"\n\t\t\t\t\t\t\t\tdata-basealign=\"slide\"\n\t\t\t\t\t\t\t\tdata-rsp_o=\"off\"\n\t\t\t\t\t\t\t\tdata-rsp_bd=\"off\"\n\t\t\t\t\t\t\t\tdata-frame_0=\"y:50;\"\n\t\t\t\t\t\t\t\tdata-frame_1=\"e:power1.inOut;st:400;sp:900;\"\n\t\t\t\t\t\t\t\tdata-frame_999=\"y:50;o:0;e:power1.inOut;st:3100;sp:800;\"\n\t\t\t\t\t\t\t\tstyle=\"z-index:8;font-family:'Sarabun';\"\n\t\t\t\t\t\t\t> \n\t\t\t\t\t\t\t<\/rs-layer><!--\n-->\t\t\t\t\t\t<\/rs-slide>\n\t\t\t\t\t<\/rs-slides>\n\t\t\t\t\t<rs-static-layers><!--\n\t\t\t\t\t--><\/rs-static-layers>\n\t\t\t\t<\/rs-module>\n\t\t\t\t<script>\n\t\t\t\t\tsetREVStartSize({c: 'rev_slider_3_1',rl:[1240,1024,778,480],el:[670,670,600,483],gw:[900,680,600,300],gh:[670,670,600,483],type:'standard',justify:'',layout:'fullwidth',mh:\"0\"});if (window.RS_MODULES!==undefined && window.RS_MODULES.modules!==undefined && window.RS_MODULES.modules[\"revslider31\"]!==undefined) {window.RS_MODULES.modules[\"revslider31\"].once = false;window.revapi3 = undefined;if (window.RS_MODULES.checkMinimal!==undefined) window.RS_MODULES.checkMinimal()}\n\t\t\t\t<\/script>\n\t\t\t<\/rs-module-wrap>\n\t\t\t<!-- END REVOLUTION SLIDER -->\n\n<h4>Reservation<\/h4>\n<p><svg xmlns=\"http:\/\/www.w3.org\/2000\/svg\" width=\"512\" height=\"512\" viewBox=\"0 0 512 512\"><path d=\"M304 48c0 26.51-21.49 48-48 48s-48-21.49-48-48 21.49-48 48-48 48 21.49 48 48zm-48 368c-26.51 0-48 21.49-48 48s21.49 48 48 48 48-21.49 48-48-21.49-48-48-48zm208-208c-26.51 0-48 21.49-48 48s21.49 48 48 48 48-21.49 48-48-21.49-48-48-48zM96 256c0-26.51-21.49-48-48-48S0 229.49 0 256s21.49 48 48 48 48-21.49 48-48zm12.922 99.078c-26.51 0-48 21.49-48 48s21.49 48 48 48 48-21.49 48-48c0-26.509-21.491-48-48-48zm294.156 0c-26.51 0-48 21.49-48 48s21.49 48 48 48 48-21.49 48-48c0-26.509-21.49-48-48-48zM108.922 60.922c-26.51 0-48 21.49-48 48s21.49 48 48 48 48-21.49 48-48-21.491-48-48-48z\"><\/path><\/svg><\/p>\n<form role=\"search\" method=\"GET\" action=\"https:\/\/bazze.lt\/\">\n\t<input type=\"hidden\" name=\"s\" value=\"\"\/><br \/>\n\t\t<label>\u012esiregistruoti:<\/label><br \/>\n\t\t\t<input type=\"text\"\n\t\t\t       name=\"check_in\" value=\"\"\n\t\t\t       data-reserved-dates=\"\" required readonly\/><br \/>\n\t\t<label>I\u0161siregistruoti:<\/label><br \/>\n\t\t\t<input type=\"text\"\n\t\t\t       name=\"check_out\" value=\"\"\n\t\t\t       data-reserved-dates=\"\" required readonly\/><br \/>\n\t\t\t<label>Kambario tipas:<\/label><br \/>\n\t\t\t<select name=\"amount\"><option value=\"1\"  selected='selected'>1 Kambarys<\/option><option value=\"2\" >2 Kambariai<\/option><option value=\"3\" >3 Kambariai<\/option><option value=\"4\" >4 Kambariai<\/option><option value=\"5\" >5 Kambariai<\/option><option value=\"6\" >6 Kambariai<\/option><option value=\"7\" >7 Kambariai<\/option><option value=\"8\" >8 Kambariai<\/option><option value=\"9\" >9 Kambariai<\/option><option value=\"10\" >10 Kambariai<\/option><\/select><br \/>\n\t\t<label>Sve\u010diai:<\/label><br \/>\n\t\t\t<input type=\"text\" name=\"guests\" value=\"\" readonly\/><br \/>\n\t\t\t\tSuaugusieji<br \/>\n\t\t\t\t<select name=\"adult\"\n\t\t\t\t        data-singular-label=\"Suaug\u0119s\"\n\t\t\t\t        data-plural-label=\"Suaugusieji\"><option value=\"1\"  selected='selected'>1<\/option><option value=\"2\" >2<\/option><option value=\"3\" >3<\/option><option value=\"4\" >4<\/option><option value=\"5\" >5<\/option><option value=\"6\" >6<\/option><option value=\"7\" >7<\/option><option value=\"8\" >8<\/option><option value=\"9\" >9<\/option><option value=\"10\" >10<\/option><\/select><br \/>\n\t\t\t\t\tVaikai<br \/>\n\t\t\t\t\t2-12 met\u0173 am\u017eiaus<br \/>\n\t\t\t\t<select name=\"children\"\n\t\t\t\t        data-singular-label=\"Vaikai\"\n\t\t\t\t        data-plural-label=\"Vaikai\"><option value=\"0\"  selected='selected'>0<\/option><option value=\"1\" >1<\/option><option value=\"2\" >2<\/option><option value=\"3\" >3<\/option><option value=\"4\" >4<\/option><option value=\"5\" >5<\/option><option value=\"6\" >6<\/option><option value=\"7\" >7<\/option><option value=\"8\" >8<\/option><option value=\"9\" >9<\/option><option value=\"10\" >10<\/option><\/select><br \/>\n\t\t\t\t\tK\u016bdiki\u0173<br \/>\n\t\t\t\t\t0-2 met\u0173 am\u017eiaus<br \/>\n\t\t\t\t<select name=\"infant\"\n\t\t\t\t        data-singular-label=\"K\u016bdikis\"\n\t\t\t\t        data-plural-label=\"K\u016bdiki\u0173\"><option value=\"0\"  selected='selected'>0<\/option><option value=\"1\" >1<\/option><option value=\"2\" >2<\/option><option value=\"3\" >3<\/option><option value=\"4\" >4<\/option><option value=\"5\" >5<\/option><option value=\"6\" >6<\/option><option value=\"7\" >7<\/option><option value=\"8\" >8<\/option><option value=\"9\" >9<\/option><option value=\"10\" >10<\/option><\/select><br \/>\n\t\t\t\t<a href=\"#\" target=\"_self\" rel=\"noopener\">\tAtlikta<\/a><br \/>\n\t\t<button type=\"submit\"  >\tSee availability<\/button><br \/>\n<\/form>\n<h3 style=\"margin-top: -6px;color: #FFFFFF\">\n\t\t\t\t\tSveiki atvyk\u0119 \u012f BAZZE\t\t\t<\/h3>\n<p style=\"text-align: center;\">\u201eBAZZE\u201c \u00a0facilities<\/p>\n<h6 style=\"color: #FFFFFF\">\n\t\t\t Virtuv\u0117 su indais ir \u012franga \t\t<\/h6>\n<p style=\"color: #C4C4C4;margin-top: 3px\">During their stay at Bazze, guests can use all kitchen amenities and utensils, including a microwave, conventional oven and a dishwasher. <\/p>\n<h6 style=\"color: #FFFFFF\">\n\t\t\t Skalbimo \u012franga \t\t<\/h6>\n<p style=\"color: #C4C4C4;margin-top: 3px\">During their stay at Bazze,  guests can use all laundry equipment free of charge, including a washing machine and dryer. <\/p>\n<h6 style=\"color: #FFFFFF\">\n\t\t\t Bekontaktis apgyvendinimas \t\t<\/h6>\n<p style=\"color: #C4C4C4;margin-top: 3px\">You can arrive at a time convenient for you, as we apply 24\/7 contactless accomodation. After entering the code we have provided you, you will find the keys inside the security box near the door. <\/p>\n<p>\t\t<img width=\"276\" height=\"641\" src=\"https:\/\/bazze.lt\/wp-content\/uploads\/2023\/04\/h5-img3-changed.png\" alt=\"\" decoding=\"async\" srcset=\"https:\/\/bazze.lt\/wp-content\/uploads\/2023\/04\/h5-img3-changed.png 276w, https:\/\/bazze.lt\/wp-content\/uploads\/2023\/04\/h5-img3-changed-129x300.png 129w\" sizes=\"(max-width: 276px) 100vw, 276px\" \/>\t<\/p>\n<h6 style=\"color: #FFFFFF\">\n\t\t\t Patraukli kaina \t\t<\/h6>\n<p style=\"color: #C4C4C4;margin-top: 3px\">At Bazze rooms cost from 12 Euros per night per person. You can choose a room with private or shared bathroom facilities. <\/p>\n<h6 style=\"color: #FFFFFF\">\n\t\t\t Saugumas \t\t<\/h6>\n<p style=\"color: #C4C4C4;margin-top: 3px\">The premises are monitored by video camera surveillance, therefore guests can rest assured about their security. For those who require additional security, we offer the opportunity to purchase lockable luggage storage.   <\/p>\n<h6 style=\"color: #FFFFFF\">\n\t\t\t Nemokamas parkavimas \t\t<\/h6>\n<p style=\"color: #C4C4C4;margin-top: 3px\">Right next to the hostel there is a large and convenient free parking lot, where you can park both conventional cars and larger vehicles<\/p>\n<h4 style=\"margin-top: -5px;color: #FFFFFF\">\n\t\t\t\t\tRaskite J\u016bs\u0173 \u012fmon\u0117s darbuotojams  tinkamiausi\u0105 pasi\u016blym\u0105\t\t\t<\/h4>\n<h4 style=\"margin-top: -5px;color: #FFFFFF\">\n\t\t\t\t\tMus rasite\t\t\t<\/h4>\n<p>Klaip\u0117doje, u\u017e 28 km nuo Palangos gintaro muziejaus.<\/p>\n<p>\t\t\t\t\t<img width=\"31\" height=\"27\" src=\"https:\/\/bazze.lt\/wp-content\/uploads\/2020\/12\/icon-1.png\" alt=\"s\" decoding=\"async\" \/><br \/>\n\t\t<a style=\"color: #c4c4c4;\" href=\"https:\/\/www.google.com\/maps\/place\/Lotissement+Listinco,+20270+Al%C3%A9ria,+%D0%A4%D1%80%D0%B0%D0%BD%D1%86%D1%83%D1%81%D0%BA%D0%B0\/@42.114201,9.5030051,17z\/data=!3m1!4b1!4m5!3m4!1s0x12d9e0fedb4cf5a1:0x1a81bdf9544ee245!8m2!3d42.114201!4d9.5051938?hl=sr\" target=\"_blank\" rel=\"noopener\">21 \u0160ilut\u0117s plentas, 91107 Klaip\u0117da, Lietuva<\/a><br \/>\n\t\t\t\t\t<img width=\"31\" height=\"35\" src=\"https:\/\/bazze.lt\/wp-content\/uploads\/2020\/12\/icon-2.png\" alt=\"s\" decoding=\"async\" \/>\t\t<\/p>\n<p><a style=\"color: #c4c4c4;\" href=\"mailto:info@bazze.lt\" target=\"_blank\" rel=\"noopener\">info@bazze.lt<\/a><\/p>\n<p>\t\t\t\t\t\t\t\t\t\t\t\t\t\t\t<img decoding=\"async\" width=\"276\" height=\"641\" src=\"https:\/\/bazze.lt\/wp-content\/uploads\/2020\/11\/h5-img6.png\" alt=\"\" srcset=\"https:\/\/bazze.lt\/wp-content\/uploads\/2020\/11\/h5-img6.png 276w, https:\/\/bazze.lt\/wp-content\/uploads\/2020\/11\/h5-img6-129x300.png 129w\" sizes=\"(max-width: 276px) 100vw, 276px\" \/><\/p>\n","protected":false},"excerpt":{"rendered":"<p>Reservation \u012esiregistruoti: I\u0161siregistruoti: Kambario tipas: 1 Kambarys2 Kambariai3 Kambariai4 Kambariai5 Kambariai6 Kambariai7 Kambariai8 Kambariai9 Kambariai10 Kambariai Sve\u010diai: Suaugusieji 12345678910 Vaikai 2-12 met\u0173 am\u017eiaus 012345678910 K\u016bdiki\u0173 0-2 met\u0173 am\u017eiaus 012345678910 Atlikta See availability Sveiki atvyk\u0119 \u012f BAZZE \u201eBAZZE\u201c \u00a0facilities Virtuv\u0117 su indais ir \u012franga During their stay at Bazze, guests can use all kitchen amenities and [&hellip;]<\/p>\n","protected":false},"author":1,"featured_media":0,"parent":0,"menu_order":0,"comment_status":"closed","ping_status":"closed","template":"page-full-width.php","meta":[],"yoast_head":"<!-- This site is optimized with the Yoast SEO plugin v20.6 - https:\/\/yoast.com\/wordpress\/plugins\/seo\/ -->\n<title>Contactless accommodation - bazze.lt<\/title>\n<meta name=\"robots\" content=\"index, follow, max-snippet:-1, max-image-preview:large, max-video-preview:-1\" \/>\n<link rel=\"canonical\" href=\"https:\/\/bazze.lt\/ru\/\" \/>\n<meta property=\"og:locale\" content=\"en_US\" \/>\n<meta property=\"og:type\" content=\"article\" \/>\n<meta property=\"og:title\" content=\"Contactless accommodation - bazze.lt\" \/>\n<meta property=\"og:description\" content=\"Reservation \u012esiregistruoti: I\u0161siregistruoti: Kambario tipas: 1 Kambarys2 Kambariai3 Kambariai4 Kambariai5 Kambariai6 Kambariai7 Kambariai8 Kambariai9 Kambariai10 Kambariai Sve\u010diai: Suaugusieji 12345678910 Vaikai 2-12 met\u0173 am\u017eiaus 012345678910 K\u016bdiki\u0173 0-2 met\u0173 am\u017eiaus 012345678910 Atlikta See availability Sveiki atvyk\u0119 \u012f BAZZE \u201eBAZZE\u201c \u00a0facilities Virtuv\u0117 su indais ir \u012franga During their stay at Bazze, guests can use all kitchen amenities and [&hellip;]\" \/>\n<meta property=\"og:url\" content=\"https:\/\/bazze.lt\/ru\/\" \/>\n<meta property=\"og:site_name\" content=\"bazze.lt\" \/>\n<meta property=\"article:publisher\" content=\"https:\/\/www.facebook.com\/bazzuoklis\" \/>\n<meta property=\"article:modified_time\" content=\"2023-07-21T09:38:20+00:00\" \/>\n<meta property=\"og:image\" content=\"https:\/\/bazze.lt\/wp-content\/uploads\/2023\/04\/h5-img3-changed.png\" \/>\n<meta name=\"twitter:card\" content=\"summary_large_image\" \/>\n<meta name=\"twitter:label1\" content=\"Est. reading time\" \/>\n\t<meta name=\"twitter:data1\" content=\"4 minutes\" \/>\n<script type=\"application\/ld+json\" class=\"yoast-schema-graph\">{\"@context\":\"https:\/\/schema.org\",\"@graph\":[{\"@type\":\"WebPage\",\"@id\":\"https:\/\/bazze.lt\/ru\/\",\"url\":\"https:\/\/bazze.lt\/ru\/\",\"name\":\"Contactless accommodation - bazze.lt\",\"isPartOf\":{\"@id\":\"https:\/\/bazze.lt\/#website\"},\"datePublished\":\"2020-11-17T13:24:48+00:00\",\"dateModified\":\"2023-07-21T09:38:20+00:00\",\"breadcrumb\":{\"@id\":\"https:\/\/bazze.lt\/ru\/#breadcrumb\"},\"inLanguage\":\"en-US\",\"potentialAction\":[{\"@type\":\"ReadAction\",\"target\":[\"https:\/\/bazze.lt\/ru\/\"]}]},{\"@type\":\"BreadcrumbList\",\"@id\":\"https:\/\/bazze.lt\/ru\/#breadcrumb\",\"itemListElement\":[{\"@type\":\"ListItem\",\"position\":1,\"name\":\"Home\",\"item\":\"https:\/\/bazze.lt\/ru\/\"},{\"@type\":\"ListItem\",\"position\":2,\"name\":\"Contactless accommodation\"}]},{\"@type\":\"WebSite\",\"@id\":\"https:\/\/bazze.lt\/#website\",\"url\":\"https:\/\/bazze.lt\/\",\"name\":\"bazze.lt\",\"description\":\"Apgyvendinimas\",\"publisher\":{\"@id\":\"https:\/\/bazze.lt\/#organization\"},\"potentialAction\":[{\"@type\":\"SearchAction\",\"target\":{\"@type\":\"EntryPoint\",\"urlTemplate\":\"https:\/\/bazze.lt\/?s={search_term_string}\"},\"query-input\":\"required name=search_term_string\"}],\"inLanguage\":\"en-US\"},{\"@type\":\"Organization\",\"@id\":\"https:\/\/bazze.lt\/#organization\",\"name\":\"bazze.lt\",\"url\":\"https:\/\/bazze.lt\/\",\"logo\":{\"@type\":\"ImageObject\",\"inLanguage\":\"en-US\",\"@id\":\"https:\/\/bazze.lt\/#\/schema\/logo\/image\/\",\"url\":\"https:\/\/bazze.lt\/wp-content\/uploads\/2023\/04\/bazze-juodas.jpg\",\"contentUrl\":\"https:\/\/bazze.lt\/wp-content\/uploads\/2023\/04\/bazze-juodas.jpg\",\"width\":600,\"height\":600,\"caption\":\"bazze.lt\"},\"image\":{\"@id\":\"https:\/\/bazze.lt\/#\/schema\/logo\/image\/\"},\"sameAs\":[\"https:\/\/www.facebook.com\/bazzuoklis\"]}]}<\/script>\n<!-- \/ Yoast SEO plugin. -->","yoast_head_json":{"title":"Contactless accommodation - bazze.lt","robots":{"index":"index","follow":"follow","max-snippet":"max-snippet:-1","max-image-preview":"max-image-preview:large","max-video-preview":"max-video-preview:-1"},"canonical":"https:\/\/bazze.lt\/ru\/","og_locale":"en_US","og_type":"article","og_title":"Contactless accommodation - bazze.lt","og_description":"Reservation \u012esiregistruoti: I\u0161siregistruoti: Kambario tipas: 1 Kambarys2 Kambariai3 Kambariai4 Kambariai5 Kambariai6 Kambariai7 Kambariai8 Kambariai9 Kambariai10 Kambariai Sve\u010diai: Suaugusieji 12345678910 Vaikai 2-12 met\u0173 am\u017eiaus 012345678910 K\u016bdiki\u0173 0-2 met\u0173 am\u017eiaus 012345678910 Atlikta See availability Sveiki atvyk\u0119 \u012f BAZZE \u201eBAZZE\u201c \u00a0facilities Virtuv\u0117 su indais ir \u012franga During their stay at Bazze, guests can use all kitchen amenities and [&hellip;]","og_url":"https:\/\/bazze.lt\/ru\/","og_site_name":"bazze.lt","article_publisher":"https:\/\/www.facebook.com\/bazzuoklis","article_modified_time":"2023-07-21T09:38:20+00:00","og_image":[{"url":"https:\/\/bazze.lt\/wp-content\/uploads\/2023\/04\/h5-img3-changed.png"}],"twitter_card":"summary_large_image","twitter_misc":{"Est. reading time":"4 minutes"},"schema":{"@context":"https:\/\/schema.org","@graph":[{"@type":"WebPage","@id":"https:\/\/bazze.lt\/ru\/","url":"https:\/\/bazze.lt\/ru\/","name":"Contactless accommodation - bazze.lt","isPartOf":{"@id":"https:\/\/bazze.lt\/#website"},"datePublished":"2020-11-17T13:24:48+00:00","dateModified":"2023-07-21T09:38:20+00:00","breadcrumb":{"@id":"https:\/\/bazze.lt\/ru\/#breadcrumb"},"inLanguage":"en-US","potentialAction":[{"@type":"ReadAction","target":["https:\/\/bazze.lt\/ru\/"]}]},{"@type":"BreadcrumbList","@id":"https:\/\/bazze.lt\/ru\/#breadcrumb","itemListElement":[{"@type":"ListItem","position":1,"name":"Home","item":"https:\/\/bazze.lt\/ru\/"},{"@type":"ListItem","position":2,"name":"Contactless accommodation"}]},{"@type":"WebSite","@id":"https:\/\/bazze.lt\/#website","url":"https:\/\/bazze.lt\/","name":"bazze.lt","description":"Apgyvendinimas","publisher":{"@id":"https:\/\/bazze.lt\/#organization"},"potentialAction":[{"@type":"SearchAction","target":{"@type":"EntryPoint","urlTemplate":"https:\/\/bazze.lt\/?s={search_term_string}"},"query-input":"required name=search_term_string"}],"inLanguage":"en-US"},{"@type":"Organization","@id":"https:\/\/bazze.lt\/#organization","name":"bazze.lt","url":"https:\/\/bazze.lt\/","logo":{"@type":"ImageObject","inLanguage":"en-US","@id":"https:\/\/bazze.lt\/#\/schema\/logo\/image\/","url":"https:\/\/bazze.lt\/wp-content\/uploads\/2023\/04\/bazze-juodas.jpg","contentUrl":"https:\/\/bazze.lt\/wp-content\/uploads\/2023\/04\/bazze-juodas.jpg","width":600,"height":600,"caption":"bazze.lt"},"image":{"@id":"https:\/\/bazze.lt\/#\/schema\/logo\/image\/"},"sameAs":["https:\/\/www.facebook.com\/bazzuoklis"]}]}},"_links":{"self":[{"href":"https:\/\/bazze.lt\/en\/wp-json\/wp\/v2\/pages\/11611"}],"collection":[{"href":"https:\/\/bazze.lt\/en\/wp-json\/wp\/v2\/pages"}],"about":[{"href":"https:\/\/bazze.lt\/en\/wp-json\/wp\/v2\/types\/page"}],"author":[{"embeddable":true,"href":"https:\/\/bazze.lt\/en\/wp-json\/wp\/v2\/users\/1"}],"replies":[{"embeddable":true,"href":"https:\/\/bazze.lt\/en\/wp-json\/wp\/v2\/comments?post=11611"}],"version-history":[{"count":17,"href":"https:\/\/bazze.lt\/en\/wp-json\/wp\/v2\/pages\/11611\/revisions"}],"predecessor-version":[{"id":12086,"href":"https:\/\/bazze.lt\/en\/wp-json\/wp\/v2\/pages\/11611\/revisions\/12086"}],"wp:attachment":[{"href":"https:\/\/bazze.lt\/en\/wp-json\/wp\/v2\/media?parent=11611"}],"curies":[{"name":"wp","href":"https:\/\/api.w.org\/{rel}","templated":true}]}}